{"id":217,"date":"2020-08-12T08:37:53","date_gmt":"2020-08-12T08:37:53","guid":{"rendered":"https:\/\/meerkerkweb.nl\/dcmrpoule\/?page_id=217"},"modified":"2025-07-27T14:24:32","modified_gmt":"2025-07-27T12:24:32","slug":"tour-2020-statistieken","status":"publish","type":"page","link":"https:\/\/meerkerkweb.nl\/dcmrpoule\/?page_id=217","title":{"rendered":"Statistieken Tourpoule 2025"},"content":{"rendered":"\n<figure class=\"wp-block-image size-large\"><img loading=\"lazy\" decoding=\"async\" width=\"1024\" height=\"214\" src=\"https:\/\/meerkerkweb.nl\/dcmrpoule\/wp-content\/uploads\/2025\/07\/image-3-1024x214.png\" alt=\"\" class=\"wp-image-5036\" srcset=\"https:\/\/meerkerkweb.nl\/dcmrpoule\/wp-content\/uploads\/2025\/07\/image-3-1024x214.png 1024w, https:\/\/meerkerkweb.nl\/dcmrpoule\/wp-content\/uploads\/2025\/07\/image-3-300x63.png 300w, https:\/\/meerkerkweb.nl\/dcmrpoule\/wp-content\/uploads\/2025\/07\/image-3-768x161.png 768w, https:\/\/meerkerkweb.nl\/dcmrpoule\/wp-content\/uploads\/2025\/07\/image-3.png 1110w\" sizes=\"auto, (max-width: 1024px) 100vw, 1024px\" \/><\/figure>\n\n\n\n<h2 class=\"wp-block-heading\">Keuze Kopmannen (2025)<\/h2>\n\n\n\n<figure class=\"wp-block-image size-full\"><img loading=\"lazy\" decoding=\"async\" width=\"471\" height=\"125\" src=\"https:\/\/meerkerkweb.nl\/dcmrpoule\/wp-content\/uploads\/2025\/07\/image-4.png\" alt=\"\" class=\"wp-image-5037\" srcset=\"https:\/\/meerkerkweb.nl\/dcmrpoule\/wp-content\/uploads\/2025\/07\/image-4.png 471w, https:\/\/meerkerkweb.nl\/dcmrpoule\/wp-content\/uploads\/2025\/07\/image-4-300x80.png 300w\" sizes=\"auto, (max-width: 471px) 100vw, 471px\" \/><\/figure>\n\n\n\n<h2 class=\"wp-block-heading\">Top 20 aan gekozen renners (2025)<\/h2>\n\n\n\n<figure class=\"wp-block-image size-full\"><img loading=\"lazy\" decoding=\"async\" width=\"626\" height=\"457\" src=\"https:\/\/meerkerkweb.nl\/dcmrpoule\/wp-content\/uploads\/2025\/07\/image-5.png\" alt=\"\" class=\"wp-image-5038\" srcset=\"https:\/\/meerkerkweb.nl\/dcmrpoule\/wp-content\/uploads\/2025\/07\/image-5.png 626w, https:\/\/meerkerkweb.nl\/dcmrpoule\/wp-content\/uploads\/2025\/07\/image-5-300x219.png 300w\" sizes=\"auto, (max-width: 626px) 100vw, 626px\" \/><\/figure>\n\n\n\n<h2 class=\"wp-block-heading\">Beste 15 renners van 2024<\/h2>\n\n\n\n<figure class=\"wp-block-image size-full\"><img loading=\"lazy\" decoding=\"async\" width=\"590\" height=\"321\" src=\"https:\/\/meerkerkweb.nl\/dcmrpoule\/wp-content\/uploads\/2024\/07\/image-2.png\" alt=\"\" class=\"wp-image-4447\" srcset=\"https:\/\/meerkerkweb.nl\/dcmrpoule\/wp-content\/uploads\/2024\/07\/image-2.png 590w, https:\/\/meerkerkweb.nl\/dcmrpoule\/wp-content\/uploads\/2024\/07\/image-2-300x163.png 300w\" sizes=\"auto, (max-width: 590px) 100vw, 590px\" \/><\/figure>\n\n\n\n<h2 class=\"wp-block-heading\">Historie podium<\/h2>\n\n\n\n<figure class=\"wp-block-table is-style-stripes\"><table><tbody><tr><td>Jaar<\/td><td>Nr1<\/td><td>Nr2<\/td><td>Nr3<\/td><\/tr><tr><td>2024<\/td><td>Su\u00e9ter amarillo (Walter La)<\/td><td>Spektakel (Ren\u00e9 vd Sp)<\/td><td>Hup NAC (Jan La)<\/td><\/tr><tr><td>2023<\/td><td>Gemma &amp; Michel<\/td><td>Carolien v R.<\/td><td>Tour de snarf prot\u00e9g\u00e9 (introduc\u00e9)<\/td><\/tr><tr><td>2022<\/td><td>Werner S<\/td><td>Carolien v R.<\/td><td>Cindy vd B.<\/td><\/tr><tr><td>2021<\/td><td>Gemma &amp; Michel<\/td><td>Beek Jr.<\/td><td>Niek H.<\/td><\/tr><tr><td>2020<\/td><td>Niek H.<\/td><td>Christian van S.<\/td><td>Leon &#8217;t H.<\/td><\/tr><tr><td>2019<\/td><td>Roderick S.<\/td><td>Marcel S.<\/td><td>Corjan H.<\/td><\/tr><tr><td>2018<\/td><td>Remco B<\/td><td>Marcel M<\/td><td>Jean-Marc (introduc\u00e9)<\/td><\/tr><tr><td>2017<\/td><td>Ren\u00e9 vd S<\/td><td>Bas van &#8217;t H.<\/td><td>Marco D<\/td><\/tr><tr><td>2016<\/td><td>Arthur<\/td><td>Sylvia R.<\/td><td>Maurice vd K<\/td><\/tr><tr><td>2015<\/td><td>Corjan H.<\/td><td>Jan L.<\/td><td>Ad O (Introduc\u00e9)<\/td><\/tr><tr><td>2014<\/td><td>Martijn vd H.<\/td><td>Stijn v D<\/td><td>Jan L<\/td><\/tr><tr><td>2013<\/td><td>Stijn v D.<\/td><td>Jochem L<\/td><td>Carola L. (introduc\u00e9 Jan L)<\/td><\/tr><tr><td>2012<\/td><td>Ren\u00e9 K.<\/td><td>Rien H<\/td><td>Francine (introduc\u00e9 Rien H)<\/td><\/tr><tr><td>2011<\/td><td>Bonny v S<\/td><td>Jacco S (introduc\u00e9 Martin S)<\/td><td>Marcel M<\/td><\/tr><tr><td>2010<\/td><td>Richard B<\/td><td>Paul v E<\/td><td>Jochem L<\/td><\/tr><tr><td>2009<\/td><td>Richard B<\/td><td>Wilbert v D<\/td><td>Pascal vd B<\/td><\/tr><tr><td>2008<\/td><td>Annelies Z<\/td><td>Peter G<\/td><td>Ton S<\/td><\/tr><tr><td>2007<\/td><td>Ton S<\/td><td>Annelies Z<\/td><td>Martin S.<\/td><\/tr><\/tbody><\/table><\/figure>\n","protected":false},"excerpt":{"rendered":"<p>Keuze Kopmannen (2025) Top 20 aan gekozen renners (2025) Beste 15 renners van 2024 Historie podium Jaar Nr1 Nr2 Nr3 2024 Su\u00e9ter amarillo (Walter La) Spektakel (Ren\u00e9 vd Sp) Hup NAC (Jan La) 2023 Gemma &amp; Michel Carolien v R. Tour de snarf prot\u00e9g\u00e9 (introduc\u00e9) 2022 Werner S Carolien v R. Cindy vd B. 2021 [&hellip;]<\/p>\n","protected":false},"author":1,"featured_media":0,"parent":0,"menu_order":6,"comment_status":"closed","ping_status":"closed","template":"","meta":{"footnotes":""},"class_list":["post-217","page","type-page","status-publish","hentry"],"_links":{"self":[{"href":"https:\/\/meerkerkweb.nl\/dcmrpoule\/index.php?rest_route=\/wp\/v2\/pages\/217","targetHints":{"allow":["GET"]}}],"collection":[{"href":"https:\/\/meerkerkweb.nl\/dcmrpoule\/index.php?rest_route=\/wp\/v2\/pages"}],"about":[{"href":"https:\/\/meerkerkweb.nl\/dcmrpoule\/index.php?rest_route=\/wp\/v2\/types\/page"}],"author":[{"embeddable":true,"href":"https:\/\/meerkerkweb.nl\/dcmrpoule\/index.php?rest_route=\/wp\/v2\/users\/1"}],"replies":[{"embeddable":true,"href":"https:\/\/meerkerkweb.nl\/dcmrpoule\/index.php?rest_route=%2Fwp%2Fv2%2Fcomments&post=217"}],"version-history":[{"count":25,"href":"https:\/\/meerkerkweb.nl\/dcmrpoule\/index.php?rest_route=\/wp\/v2\/pages\/217\/revisions"}],"predecessor-version":[{"id":5039,"href":"https:\/\/meerkerkweb.nl\/dcmrpoule\/index.php?rest_route=\/wp\/v2\/pages\/217\/revisions\/5039"}],"wp:attachment":[{"href":"https:\/\/meerkerkweb.nl\/dcmrpoule\/index.php?rest_route=%2Fwp%2Fv2%2Fmedia&parent=217"}],"curies":[{"name":"wp","href":"https:\/\/api.w.org\/{rel}","templated":true}]}}